{"id":8371,"date":"2023-05-02T14:50:26","date_gmt":"2023-05-02T12:50:26","guid":{"rendered":"https:\/\/www.lavafields.comfrance\/"},"modified":"2023-06-13T11:44:17","modified_gmt":"2023-06-13T09:44:17","slug":"france","status":"publish","type":"page","link":"https:\/\/www.lavafields.com\/en\/partners-area\/france\/","title":{"rendered":"Partner area &#8211; France"},"content":{"rendered":"\t\t<div data-elementor-type=\"wp-page\" data-elementor-id=\"8371\" class=\"elementor elementor-8371 elementor-7446\" data-elementor-post-type=\"page\">\n\t\t\t\t\t\t<section class=\"elementor-section elementor-top-section elementor-element elementor-element-effa540 elementor-section-boxed elementor-section-height-default elementor-section-height-default\" data-id=\"effa540\" data-element_type=\"section\" data-e-type=\"section\">\n\t\t\t\t\t\t<div class=\"elementor-container elementor-column-gap-default\">\n\t\t\t\t\t<div class=\"elementor-column elementor-col-50 elementor-top-column elementor-element elementor-element-749914a\" data-id=\"749914a\" data-element_type=\"column\" data-e-type=\"column\">\n\t\t\t<div class=\"elementor-widget-wrap elementor-element-populated\">\n\t\t\t\t\t\t<div class=\"elementor-element elementor-element-3b650c7 Titlegris elementor-widget elementor-widget-heading\" data-id=\"3b650c7\" data-element_type=\"widget\" data-e-type=\"widget\" data-widget_type=\"heading.default\">\n\t\t\t\t<div class=\"elementor-widget-container\">\n\t\t\t\t\t<h2 class=\"elementor-heading-title elementor-size-large\">Espace Partenaires - France<\/h2>\t\t\t\t<\/div>\n\t\t\t\t<\/div>\n\t\t\t\t\t<\/div>\n\t\t<\/div>\n\t\t\t\t<div class=\"elementor-column elementor-col-50 elementor-top-column elementor-element elementor-element-16699a7\" data-id=\"16699a7\" data-element_type=\"column\" data-e-type=\"column\">\n\t\t\t<div class=\"elementor-widget-wrap\">\n\t\t\t\t\t\t\t<\/div>\n\t\t<\/div>\n\t\t\t\t\t<\/div>\n\t\t<\/section>\n\t\t\t\t<section class=\"elementor-section elementor-top-section elementor-element elementor-element-917e75f elementor-section-boxed elementor-section-height-default elementor-section-height-default\" data-id=\"917e75f\" data-element_type=\"section\" data-e-type=\"section\" data-settings=\"{&quot;background_background&quot;:&quot;gradient&quot;,&quot;shape_divider_bottom&quot;:&quot;curve&quot;,&quot;shape_divider_bottom_negative&quot;:&quot;yes&quot;}\">\n\t\t\t\t\t<div class=\"elementor-shape elementor-shape-bottom\" aria-hidden=\"true\" data-negative=\"true\">\n\t\t\t<svg xmlns=\"http:\/\/www.w3.org\/2000\/svg\" viewBox=\"0 0 1000 100\" preserveAspectRatio=\"none\">\n\t<path class=\"elementor-shape-fill\" d=\"M500,97C126.7,96.3,0.8,19.8,0,0v100l1000,0V1C1000,19.4,873.3,97.8,500,97z\"\/>\n<\/svg>\t\t<\/div>\n\t\t\t\t\t<div class=\"elementor-container elementor-column-gap-default\">\n\t\t\t\t\t<div class=\"elementor-column elementor-col-100 elementor-top-column elementor-element elementor-element-aa1ae3a\" data-id=\"aa1ae3a\" data-element_type=\"column\" data-e-type=\"column\">\n\t\t\t<div class=\"elementor-widget-wrap elementor-element-populated\">\n\t\t\t\t\t\t<div class=\"elementor-element elementor-element-32872e6 elementor-widget elementor-widget-text-editor\" data-id=\"32872e6\" data-element_type=\"widget\" data-e-type=\"widget\" data-widget_type=\"text-editor.default\">\n\t\t\t\t<div class=\"elementor-widget-container\">\n\t\t\t\t\t\t\t\t\t<p>Votre espace partenaire France sera disponible dans les prochains mois.<\/p><p>Il vous offrira une meilleure visibilit\u00e9 sur nos produits et nos actions \u00e0 travers un catalogue,<br \/>une liste de prix, du mat\u00e9riel de communication et bien d&#8217;autres choses. Nous vous tenons inform\u00e9 le plus rapidement possible.<\/p>\t\t\t\t\t\t\t\t<\/div>\n\t\t\t\t<\/div>\n\t\t\t\t<div class=\"elementor-element elementor-element-14955e2 elementor-widget elementor-widget-text-editor\" data-id=\"14955e2\" data-element_type=\"widget\" data-e-type=\"widget\" data-widget_type=\"text-editor.default\">\n\t\t\t\t<div class=\"elementor-widget-container\">\n\t\t\t\t\t\t\t\t\t<p><strong>Pour les marques historiques de Cuisidis<br \/><\/strong>Retrouvez <a style=\"color: var(--e-global-color-secondary); font-weight: 600;\" href=\"https:\/\/www.cuisidis.com\/connexion?back=my-account\" target=\"_blank\" rel=\"noopener\">ici<\/a> votre espace partenaire actuel qui restera disponible et actif pour assurer la continuit\u00e9 op\u00e9rationnelle.<\/p>\t\t\t\t\t\t\t\t<\/div>\n\t\t\t\t<\/div>\n\t\t\t\t<div class=\"elementor-element elementor-element-dd370f0 elementor-align-center elementor-widget elementor-widget-button\" data-id=\"dd370f0\" data-element_type=\"widget\" data-e-type=\"widget\" data-widget_type=\"button.default\">\n\t\t\t\t<div class=\"elementor-widget-container\">\n\t\t\t\t\t\t\t\t\t<div class=\"elementor-button-wrapper\">\n\t\t\t\t\t<a class=\"elementor-button elementor-button-link elementor-size-md\" href=\"https:\/\/www.cuisidis.com\/connexion?back=my-account\" target=\"_blank\">\n\t\t\t\t\t\t<span class=\"elementor-button-content-wrapper\">\n\t\t\t\t\t\t\t\t\t<span class=\"elementor-button-text\">Espace partenaire Cuisidis<\/span>\n\t\t\t\t\t<\/span>\n\t\t\t\t\t<\/a>\n\t\t\t\t<\/div>\n\t\t\t\t\t\t\t\t<\/div>\n\t\t\t\t<\/div>\n\t\t\t\t\t<\/div>\n\t\t<\/div>\n\t\t\t\t\t<\/div>\n\t\t<\/section>\n\t\t\t\t<\/div>\n\t\t","protected":false},"excerpt":{"rendered":"<p>Espace Partenaires &#8211; France Votre espace partenaire France sera disponible dans les prochains mois. Il vous offrira une meilleure visibilit\u00e9 sur nos produits et nos actions \u00e0 travers un catalogue, une liste de prix, du mat\u00e9riel de communication et bien d&#8217;autres choses. Nous vous tenons inform\u00e9 le plus rapidement possible. Pour les marques historiques de [&hellip;]<\/p>\n","protected":false},"author":1,"featured_media":0,"parent":8397,"menu_order":0,"comment_status":"closed","ping_status":"closed","template":"","meta":{"_acf_changed":false,"footnotes":""},"class_list":["post-8371","page","type-page","status-publish","hentry"],"acf":[],"yoast_head":"<!-- This site is optimized with the Yoast SEO plugin v27.3 - https:\/\/yoast.com\/product\/yoast-seo-wordpress\/ -->\n<title>Partner area - France - LAVAFIELDS<\/title>\n<meta name=\"robots\" content=\"index, follow, max-snippet:-1, max-image-preview:large, max-video-preview:-1\" \/>\n<link rel=\"canonical\" href=\"https:\/\/www.lavafields.com\/espace-partenaires\/france\/\" \/>\n<meta property=\"og:locale\" content=\"en_US\" \/>\n<meta property=\"og:type\" content=\"article\" \/>\n<meta property=\"og:title\" content=\"Partner area - France - LAVAFIELDS\" \/>\n<meta property=\"og:description\" content=\"Espace Partenaires &#8211; France Votre espace partenaire France sera disponible dans les prochains mois. Il vous offrira une meilleure visibilit\u00e9 sur nos produits et nos actions \u00e0 travers un catalogue, une liste de prix, du mat\u00e9riel de communication et bien d&#8217;autres choses. Nous vous tenons inform\u00e9 le plus rapidement possible. Pour les marques historiques de [&hellip;]\" \/>\n<meta property=\"og:url\" content=\"https:\/\/www.lavafields.com\/espace-partenaires\/france\/\" \/>\n<meta property=\"og:site_name\" content=\"LAVAFIELDS\" \/>\n<meta property=\"article:modified_time\" content=\"2023-06-13T09:44:17+00:00\" \/>\n<meta name=\"twitter:card\" content=\"summary_large_image\" \/>\n<meta name=\"twitter:label1\" content=\"Est. reading time\" \/>\n\t<meta name=\"twitter:data1\" content=\"1 minute\" \/>\n<script type=\"application\/ld+json\" class=\"yoast-schema-graph\">{\"@context\":\"https:\\\/\\\/schema.org\",\"@graph\":[{\"@type\":\"WebPage\",\"@id\":\"https:\\\/\\\/www.lavafields.com\\\/espace-partenaires\\\/france\\\/\",\"url\":\"https:\\\/\\\/www.lavafields.com\\\/espace-partenaires\\\/france\\\/\",\"name\":\"Partner area - France - LAVAFIELDS\",\"isPartOf\":{\"@id\":\"https:\\\/\\\/www.lavafields.com\\\/#website\"},\"datePublished\":\"2023-05-02T12:50:26+00:00\",\"dateModified\":\"2023-06-13T09:44:17+00:00\",\"breadcrumb\":{\"@id\":\"https:\\\/\\\/www.lavafields.com\\\/espace-partenaires\\\/france\\\/#breadcrumb\"},\"inLanguage\":\"en-US\",\"potentialAction\":[{\"@type\":\"ReadAction\",\"target\":[\"https:\\\/\\\/www.lavafields.com\\\/espace-partenaires\\\/france\\\/\"]}]},{\"@type\":\"BreadcrumbList\",\"@id\":\"https:\\\/\\\/www.lavafields.com\\\/espace-partenaires\\\/france\\\/#breadcrumb\",\"itemListElement\":[{\"@type\":\"ListItem\",\"position\":1,\"name\":\"Accueil\",\"item\":\"https:\\\/\\\/www.lavafields.com\\\/en\\\/\"},{\"@type\":\"ListItem\",\"position\":2,\"name\":\"Partners area\",\"item\":\"https:\\\/\\\/www.lavafields.com\\\/en\\\/partners-area\\\/\"},{\"@type\":\"ListItem\",\"position\":3,\"name\":\"Partner area &#8211; France\"}]},{\"@type\":\"WebSite\",\"@id\":\"https:\\\/\\\/www.lavafields.com\\\/#website\",\"url\":\"https:\\\/\\\/www.lavafields.com\\\/\",\"name\":\"LAVAFIELDS\",\"description\":\"Lavafields, producteur &amp; distributeur d&#039;\u00e9lectro-m\u00e9nager haut de gamme\",\"publisher\":{\"@id\":\"https:\\\/\\\/www.lavafields.com\\\/#organization\"},\"potentialAction\":[{\"@type\":\"SearchAction\",\"target\":{\"@type\":\"EntryPoint\",\"urlTemplate\":\"https:\\\/\\\/www.lavafields.com\\\/?s={search_term_string}\"},\"query-input\":{\"@type\":\"PropertyValueSpecification\",\"valueRequired\":true,\"valueName\":\"search_term_string\"}}],\"inLanguage\":\"en-US\"},{\"@type\":\"Organization\",\"@id\":\"https:\\\/\\\/www.lavafields.com\\\/#organization\",\"name\":\"LAVAFIELDS\",\"url\":\"https:\\\/\\\/www.lavafields.com\\\/\",\"logo\":{\"@type\":\"ImageObject\",\"inLanguage\":\"en-US\",\"@id\":\"https:\\\/\\\/www.lavafields.com\\\/#\\\/schema\\\/logo\\\/image\\\/\",\"url\":\"https:\\\/\\\/www.lavafields.com\\\/wp-content\\\/uploads\\\/2020\\\/10\\\/Lavafields_Logo_Horizontal.svg\",\"contentUrl\":\"https:\\\/\\\/www.lavafields.com\\\/wp-content\\\/uploads\\\/2020\\\/10\\\/Lavafields_Logo_Horizontal.svg\",\"width\":1779,\"height\":330,\"caption\":\"LAVAFIELDS\"},\"image\":{\"@id\":\"https:\\\/\\\/www.lavafields.com\\\/#\\\/schema\\\/logo\\\/image\\\/\"}}]}<\/script>\n<!-- \/ Yoast SEO plugin. -->","yoast_head_json":{"title":"Partner area - France - LAVAFIELDS","robots":{"index":"index","follow":"follow","max-snippet":"max-snippet:-1","max-image-preview":"max-image-preview:large","max-video-preview":"max-video-preview:-1"},"canonical":"https:\/\/www.lavafields.com\/espace-partenaires\/france\/","og_locale":"en_US","og_type":"article","og_title":"Partner area - France - LAVAFIELDS","og_description":"Espace Partenaires &#8211; France Votre espace partenaire France sera disponible dans les prochains mois. Il vous offrira une meilleure visibilit\u00e9 sur nos produits et nos actions \u00e0 travers un catalogue, une liste de prix, du mat\u00e9riel de communication et bien d&#8217;autres choses. Nous vous tenons inform\u00e9 le plus rapidement possible. Pour les marques historiques de [&hellip;]","og_url":"https:\/\/www.lavafields.com\/espace-partenaires\/france\/","og_site_name":"LAVAFIELDS","article_modified_time":"2023-06-13T09:44:17+00:00","twitter_card":"summary_large_image","twitter_misc":{"Est. reading time":"1 minute"},"schema":{"@context":"https:\/\/schema.org","@graph":[{"@type":"WebPage","@id":"https:\/\/www.lavafields.com\/espace-partenaires\/france\/","url":"https:\/\/www.lavafields.com\/espace-partenaires\/france\/","name":"Partner area - France - LAVAFIELDS","isPartOf":{"@id":"https:\/\/www.lavafields.com\/#website"},"datePublished":"2023-05-02T12:50:26+00:00","dateModified":"2023-06-13T09:44:17+00:00","breadcrumb":{"@id":"https:\/\/www.lavafields.com\/espace-partenaires\/france\/#breadcrumb"},"inLanguage":"en-US","potentialAction":[{"@type":"ReadAction","target":["https:\/\/www.lavafields.com\/espace-partenaires\/france\/"]}]},{"@type":"BreadcrumbList","@id":"https:\/\/www.lavafields.com\/espace-partenaires\/france\/#breadcrumb","itemListElement":[{"@type":"ListItem","position":1,"name":"Accueil","item":"https:\/\/www.lavafields.com\/en\/"},{"@type":"ListItem","position":2,"name":"Partners area","item":"https:\/\/www.lavafields.com\/en\/partners-area\/"},{"@type":"ListItem","position":3,"name":"Partner area &#8211; France"}]},{"@type":"WebSite","@id":"https:\/\/www.lavafields.com\/#website","url":"https:\/\/www.lavafields.com\/","name":"LAVAFIELDS","description":"Lavafields, producteur &amp; distributeur d&#039;\u00e9lectro-m\u00e9nager haut de gamme","publisher":{"@id":"https:\/\/www.lavafields.com\/#organization"},"potentialAction":[{"@type":"SearchAction","target":{"@type":"EntryPoint","urlTemplate":"https:\/\/www.lavafields.com\/?s={search_term_string}"},"query-input":{"@type":"PropertyValueSpecification","valueRequired":true,"valueName":"search_term_string"}}],"inLanguage":"en-US"},{"@type":"Organization","@id":"https:\/\/www.lavafields.com\/#organization","name":"LAVAFIELDS","url":"https:\/\/www.lavafields.com\/","logo":{"@type":"ImageObject","inLanguage":"en-US","@id":"https:\/\/www.lavafields.com\/#\/schema\/logo\/image\/","url":"https:\/\/www.lavafields.com\/wp-content\/uploads\/2020\/10\/Lavafields_Logo_Horizontal.svg","contentUrl":"https:\/\/www.lavafields.com\/wp-content\/uploads\/2020\/10\/Lavafields_Logo_Horizontal.svg","width":1779,"height":330,"caption":"LAVAFIELDS"},"image":{"@id":"https:\/\/www.lavafields.com\/#\/schema\/logo\/image\/"}}]}},"_links":{"self":[{"href":"https:\/\/www.lavafields.com\/en\/wp-json\/wp\/v2\/pages\/8371","targetHints":{"allow":["GET"]}}],"collection":[{"href":"https:\/\/www.lavafields.com\/en\/wp-json\/wp\/v2\/pages"}],"about":[{"href":"https:\/\/www.lavafields.com\/en\/wp-json\/wp\/v2\/types\/page"}],"author":[{"embeddable":true,"href":"https:\/\/www.lavafields.com\/en\/wp-json\/wp\/v2\/users\/1"}],"replies":[{"embeddable":true,"href":"https:\/\/www.lavafields.com\/en\/wp-json\/wp\/v2\/comments?post=8371"}],"version-history":[{"count":1,"href":"https:\/\/www.lavafields.com\/en\/wp-json\/wp\/v2\/pages\/8371\/revisions"}],"predecessor-version":[{"id":8423,"href":"https:\/\/www.lavafields.com\/en\/wp-json\/wp\/v2\/pages\/8371\/revisions\/8423"}],"up":[{"embeddable":true,"href":"https:\/\/www.lavafields.com\/en\/wp-json\/wp\/v2\/pages\/8397"}],"wp:attachment":[{"href":"https:\/\/www.lavafields.com\/en\/wp-json\/wp\/v2\/media?parent=8371"}],"curies":[{"name":"wp","href":"https:\/\/api.w.org\/{rel}","templated":true}]}}