{"id":8413,"date":"2020-10-08T15:21:59","date_gmt":"2020-10-08T13:21:41","guid":{"rendered":"https:\/\/www.lavafields.comaccueil\/"},"modified":"2023-06-13T12:08:31","modified_gmt":"2023-06-13T10:08:31","slug":"accueil","status":"publish","type":"page","link":"https:\/\/www.lavafields.com\/en\/","title":{"rendered":"Home"},"content":{"rendered":"\t\t<div data-elementor-type=\"wp-page\" data-elementor-id=\"8413\" class=\"elementor elementor-8413 elementor-2\" data-elementor-post-type=\"page\">\n\t\t\t\t\t\t<section class=\"elementor-section elementor-top-section elementor-element elementor-element-b8480b3 elementor-section-boxed elementor-section-height-default elementor-section-height-default\" data-id=\"b8480b3\" data-element_type=\"section\" data-e-type=\"section\">\n\t\t\t\t\t\t<div class=\"elementor-container elementor-column-gap-default\">\n\t\t\t\t\t<div class=\"elementor-column elementor-col-100 elementor-top-column elementor-element elementor-element-05fea9c\" data-id=\"05fea9c\" data-element_type=\"column\" data-e-type=\"column\" data-settings=\"{&quot;background_background&quot;:&quot;classic&quot;}\">\n\t\t\t<div class=\"elementor-widget-wrap elementor-element-populated\">\n\t\t\t\t\t<div class=\"elementor-background-overlay\"><\/div>\n\t\t\t\t\t\t<div class=\"elementor-element elementor-element-f4a831f elementor-widget__width-auto elementor-widget elementor-widget-heading\" data-id=\"f4a831f\" data-element_type=\"widget\" data-e-type=\"widget\" data-widget_type=\"heading.default\">\n\t\t\t\t<div class=\"elementor-widget-container\">\n\t\t\t\t\t<h1 class=\"elementor-heading-title elementor-size-default\">Producer and distributor <br>\nof high-quality electrical household appliances\n<\/h1>\t\t\t\t<\/div>\n\t\t\t\t<\/div>\n\t\t\t\t\t<\/div>\n\t\t<\/div>\n\t\t\t\t\t<\/div>\n\t\t<\/section>\n\t\t\t\t<section class=\"elementor-section elementor-top-section elementor-element elementor-element-c6b8952 elementor-section-boxed elementor-section-height-default elementor-section-height-default\" data-id=\"c6b8952\" data-element_type=\"section\" data-e-type=\"section\">\n\t\t\t\t\t\t<div class=\"elementor-container elementor-column-gap-narrow\">\n\t\t\t\t\t<div class=\"elementor-column elementor-col-100 elementor-top-column elementor-element elementor-element-3402a3b\" data-id=\"3402a3b\" data-element_type=\"column\" data-e-type=\"column\">\n\t\t\t<div class=\"elementor-widget-wrap elementor-element-populated\">\n\t\t\t\t\t\t<div class=\"elementor-element elementor-element-07cadbe Titlegris elementor-widget elementor-widget-heading\" data-id=\"07cadbe\" data-element_type=\"widget\" data-e-type=\"widget\" data-widget_type=\"heading.default\">\n\t\t\t\t<div class=\"elementor-widget-container\">\n\t\t\t\t\t<h2 class=\"elementor-heading-title elementor-size-large\"><span style=\"font-weight: 500\">Lavafields<\/span>, producer &amp; distributor<\/h2>\t\t\t\t<\/div>\n\t\t\t\t<\/div>\n\t\t\t\t\t<\/div>\n\t\t<\/div>\n\t\t\t\t\t<\/div>\n\t\t<\/section>\n\t\t\t\t<section class=\"elementor-section elementor-top-section elementor-element elementor-element-7f47363 elementor-section-boxed elementor-section-height-default elementor-section-height-default\" data-id=\"7f47363\" data-element_type=\"section\" data-e-type=\"section\">\n\t\t\t\t\t\t<div class=\"elementor-container elementor-column-gap-default\">\n\t\t\t\t\t<div class=\"elementor-column elementor-col-50 elementor-top-column elementor-element elementor-element-7757155\" data-id=\"7757155\" data-element_type=\"column\" data-e-type=\"column\">\n\t\t\t<div class=\"elementor-widget-wrap elementor-element-populated\">\n\t\t\t\t\t\t<section class=\"elementor-section elementor-inner-section elementor-element elementor-element-dae3dbd elementor-section-boxed elementor-section-height-default elementor-section-height-default\" data-id=\"dae3dbd\" data-element_type=\"section\" data-e-type=\"section\">\n\t\t\t\t\t\t<div class=\"elementor-container elementor-column-gap-default\">\n\t\t\t\t\t<div class=\"elementor-column elementor-col-100 elementor-inner-column elementor-element elementor-element-1a6a041\" data-id=\"1a6a041\" data-element_type=\"column\" data-e-type=\"column\" data-settings=\"{&quot;background_background&quot;:&quot;classic&quot;}\">\n\t\t\t<div class=\"elementor-widget-wrap elementor-element-populated\">\n\t\t\t\t\t\t<div class=\"elementor-element elementor-element-e2f3544 elementor-widget elementor-widget-heading\" data-id=\"e2f3544\" data-element_type=\"widget\" data-e-type=\"widget\" data-widget_type=\"heading.default\">\n\t\t\t\t<div class=\"elementor-widget-container\">\n\t\t\t\t\t<h2 class=\"elementor-heading-title elementor-size-default\">Our own brands <\/h2>\t\t\t\t<\/div>\n\t\t\t\t<\/div>\n\t\t\t\t<div class=\"elementor-element elementor-element-9ccbbec elementor-align-center elementor-widget elementor-widget-button\" data-id=\"9ccbbec\" data-element_type=\"widget\" data-e-type=\"widget\" data-widget_type=\"button.default\">\n\t\t\t\t<div class=\"elementor-widget-container\">\n\t\t\t\t\t\t\t\t\t<div class=\"elementor-button-wrapper\">\n\t\t\t\t\t<a class=\"elementor-button elementor-button-link elementor-size-sm\" href=\"https:\/\/www.lavafields.com\/en\/our-brands\/\">\n\t\t\t\t\t\t<span class=\"elementor-button-content-wrapper\">\n\t\t\t\t\t\t<span class=\"elementor-button-icon\">\n\t\t\t\t<i aria-hidden=\"true\" class=\"far fa-chevron-right\"><\/i>\t\t\t<\/span>\n\t\t\t\t\t\t\t\t\t<span class=\"elementor-button-text\">Discover them<\/span>\n\t\t\t\t\t<\/span>\n\t\t\t\t\t<\/a>\n\t\t\t\t<\/div>\n\t\t\t\t\t\t\t\t<\/div>\n\t\t\t\t<\/div>\n\t\t\t\t\t<\/div>\n\t\t<\/div>\n\t\t\t\t\t<\/div>\n\t\t<\/section>\n\t\t\t\t\t<\/div>\n\t\t<\/div>\n\t\t\t\t<div class=\"elementor-column elementor-col-50 elementor-top-column elementor-element elementor-element-6b52e8d\" data-id=\"6b52e8d\" data-element_type=\"column\" data-e-type=\"column\">\n\t\t\t<div class=\"elementor-widget-wrap elementor-element-populated\">\n\t\t\t\t\t\t<section class=\"elementor-section elementor-inner-section elementor-element elementor-element-72f2d8d elementor-section-boxed elementor-section-height-default elementor-section-height-default\" data-id=\"72f2d8d\" data-element_type=\"section\" data-e-type=\"section\">\n\t\t\t\t\t\t<div class=\"elementor-container elementor-column-gap-default\">\n\t\t\t\t\t<div class=\"elementor-column elementor-col-100 elementor-inner-column elementor-element elementor-element-070b527\" data-id=\"070b527\" data-element_type=\"column\" data-e-type=\"column\" data-settings=\"{&quot;background_background&quot;:&quot;classic&quot;}\">\n\t\t\t<div class=\"elementor-widget-wrap elementor-element-populated\">\n\t\t\t\t\t\t<div class=\"elementor-element elementor-element-f1b4426 elementor-widget elementor-widget-heading\" data-id=\"f1b4426\" data-element_type=\"widget\" data-e-type=\"widget\" data-widget_type=\"heading.default\">\n\t\t\t\t<div class=\"elementor-widget-container\">\n\t\t\t\t\t<h2 class=\"elementor-heading-title elementor-size-default\">Our distributed brands <\/h2>\t\t\t\t<\/div>\n\t\t\t\t<\/div>\n\t\t\t\t<div class=\"elementor-element elementor-element-da6ba11 elementor-align-center elementor-widget elementor-widget-button\" data-id=\"da6ba11\" data-element_type=\"widget\" data-e-type=\"widget\" data-widget_type=\"button.default\">\n\t\t\t\t<div class=\"elementor-widget-container\">\n\t\t\t\t\t\t\t\t\t<div class=\"elementor-button-wrapper\">\n\t\t\t\t\t<a class=\"elementor-button elementor-button-link elementor-size-sm\" href=\"https:\/\/www.lavafields.com\/en\/our-other-brands\/\">\n\t\t\t\t\t\t<span class=\"elementor-button-content-wrapper\">\n\t\t\t\t\t\t<span class=\"elementor-button-icon\">\n\t\t\t\t<i aria-hidden=\"true\" class=\"far fa-chevron-right\"><\/i>\t\t\t<\/span>\n\t\t\t\t\t\t\t\t\t<span class=\"elementor-button-text\">Discover them<\/span>\n\t\t\t\t\t<\/span>\n\t\t\t\t\t<\/a>\n\t\t\t\t<\/div>\n\t\t\t\t\t\t\t\t<\/div>\n\t\t\t\t<\/div>\n\t\t\t\t\t<\/div>\n\t\t<\/div>\n\t\t\t\t\t<\/div>\n\t\t<\/section>\n\t\t\t\t\t<\/div>\n\t\t<\/div>\n\t\t\t\t\t<\/div>\n\t\t<\/section>\n\t\t\t\t<section class=\"elementor-section elementor-top-section elementor-element elementor-element-556a43c elementor-section-boxed elementor-section-height-default elementor-section-height-default\" data-id=\"556a43c\" data-element_type=\"section\" data-e-type=\"section\">\n\t\t\t\t\t\t<div class=\"elementor-container elementor-column-gap-narrow\">\n\t\t\t\t\t<div class=\"elementor-column elementor-col-100 elementor-top-column elementor-element elementor-element-06538c3\" data-id=\"06538c3\" data-element_type=\"column\" data-e-type=\"column\">\n\t\t\t<div class=\"elementor-widget-wrap elementor-element-populated\">\n\t\t\t\t\t\t<div class=\"elementor-element elementor-element-021a5aa Titlegris elementor-widget elementor-widget-heading\" data-id=\"021a5aa\" data-element_type=\"widget\" data-e-type=\"widget\" data-widget_type=\"heading.default\">\n\t\t\t\t<div class=\"elementor-widget-container\">\n\t\t\t\t\t<h2 class=\"elementor-heading-title elementor-size-large\">About  <span style=\"font-weight: 500\">Lavafields<\/span><\/h2>\t\t\t\t<\/div>\n\t\t\t\t<\/div>\n\t\t\t\t\t<\/div>\n\t\t<\/div>\n\t\t\t\t\t<\/div>\n\t\t<\/section>\n\t\t\t\t<section class=\"elementor-section elementor-top-section elementor-element elementor-element-da93810 elementor-section-boxed elementor-section-height-default elementor-section-height-default\" data-id=\"da93810\" data-element_type=\"section\" data-e-type=\"section\" data-settings=\"{&quot;background_background&quot;:&quot;gradient&quot;,&quot;shape_divider_bottom&quot;:&quot;curve&quot;,&quot;shape_divider_bottom_negative&quot;:&quot;yes&quot;}\">\n\t\t\t\t\t<div class=\"elementor-shape elementor-shape-bottom\" aria-hidden=\"true\" data-negative=\"true\">\n\t\t\t<svg xmlns=\"http:\/\/www.w3.org\/2000\/svg\" viewBox=\"0 0 1000 100\" preserveAspectRatio=\"none\">\n\t<path class=\"elementor-shape-fill\" d=\"M500,97C126.7,96.3,0.8,19.8,0,0v100l1000,0V1C1000,19.4,873.3,97.8,500,97z\"\/>\n<\/svg>\t\t<\/div>\n\t\t\t\t\t<div class=\"elementor-container elementor-column-gap-default\">\n\t\t\t\t\t<div class=\"elementor-column elementor-col-50 elementor-top-column elementor-element elementor-element-bff2f76\" data-id=\"bff2f76\" data-element_type=\"column\" data-e-type=\"column\" data-settings=\"{&quot;background_background&quot;:&quot;classic&quot;}\">\n\t\t\t<div class=\"elementor-widget-wrap elementor-element-populated\">\n\t\t\t\t\t\t<div class=\"elementor-element elementor-element-2ba7529 elementor-widget elementor-widget-text-editor\" data-id=\"2ba7529\" data-element_type=\"widget\" data-e-type=\"widget\" data-widget_type=\"text-editor.default\">\n\t\t\t\t<div class=\"elementor-widget-container\">\n\t\t\t\t\t\t\t\t\t<p><span style=\"font-weight: 500;\">Lavafields<\/span> is a Belgian-French company with over 50 years&#8217; experience and expertise in household appliances.<\/p>\t\t\t\t\t\t\t\t<\/div>\n\t\t\t\t<\/div>\n\t\t\t\t\t<\/div>\n\t\t<\/div>\n\t\t\t\t<div class=\"elementor-column elementor-col-50 elementor-top-column elementor-element elementor-element-3e75d6b\" data-id=\"3e75d6b\" data-element_type=\"column\" data-e-type=\"column\">\n\t\t\t<div class=\"elementor-widget-wrap elementor-element-populated\">\n\t\t\t\t\t\t<div class=\"elementor-element elementor-element-391ea91 elementor-widget elementor-widget-image\" data-id=\"391ea91\" data-element_type=\"widget\" data-e-type=\"widget\" data-widget_type=\"image.default\">\n\t\t\t\t<div class=\"elementor-widget-container\">\n\t\t\t\t\t\t\t\t\t\t\t\t\t\t\t<img decoding=\"async\" src=\"https:\/\/www.lavafields.com\/wp-content\/uploads\/elementor\/thumbs\/about-homepage_v4-q58pq0koeifpcdvrf5qvweng3fygu2d1v835h4qlg4.jpg\" title=\"about-homepage_v4\" alt=\"about-homepage_v4\" loading=\"lazy\" \/>\t\t\t\t\t\t\t\t\t\t\t\t\t\t\t<\/div>\n\t\t\t\t<\/div>\n\t\t\t\t<div class=\"elementor-element elementor-element-dbb96fd elementor-align-left elementor-absolute elementor-widget__width-auto elementor-widget elementor-widget-button\" data-id=\"dbb96fd\" data-element_type=\"widget\" data-e-type=\"widget\" data-settings=\"{&quot;_position&quot;:&quot;absolute&quot;}\" data-widget_type=\"button.default\">\n\t\t\t\t<div class=\"elementor-widget-container\">\n\t\t\t\t\t\t\t\t\t<div class=\"elementor-button-wrapper\">\n\t\t\t\t\t<a class=\"elementor-button elementor-button-link elementor-size-sm\" href=\"https:\/\/www.lavafields.com\/en\/history\/\">\n\t\t\t\t\t\t<span class=\"elementor-button-content-wrapper\">\n\t\t\t\t\t\t<span class=\"elementor-button-icon\">\n\t\t\t\t<i aria-hidden=\"true\" class=\"far fa-angle-right\"><\/i>\t\t\t<\/span>\n\t\t\t\t\t\t\t\t\t<span class=\"elementor-button-text\">About <span style=\"font-weight: 500\">Lavafields<\/span><\/span>\n\t\t\t\t\t<\/span>\n\t\t\t\t\t<\/a>\n\t\t\t\t<\/div>\n\t\t\t\t\t\t\t\t<\/div>\n\t\t\t\t<\/div>\n\t\t\t\t\t<\/div>\n\t\t<\/div>\n\t\t\t\t\t<\/div>\n\t\t<\/section>\n\t\t\t\t<\/div>\n\t\t","protected":false},"excerpt":{"rendered":"<p>Producer and distributor of high-quality electrical household appliances Lavafields, producer &#038; distributor Our own brands Discover them Our distributed brands Discover them About Lavafields Lavafields is a Belgian-French company with over 50 years&#8217; experience and expertise in household appliances. About Lavafields<\/p>\n","protected":false},"author":1,"featured_media":2127,"parent":0,"menu_order":0,"comment_status":"closed","ping_status":"open","template":"","meta":{"_acf_changed":false,"footnotes":""},"class_list":["post-8413","page","type-page","status-publish","has-post-thumbnail","hentry"],"acf":[],"yoast_head":"<!-- This site is optimized with the Yoast SEO plugin v27.1.1 - https:\/\/yoast.com\/product\/yoast-seo-wordpress\/ -->\n<title>Lavafields | Producteur &amp; Distributeur d\u2019\u00e9lectro-m\u00e9nager haut de gamme<\/title>\n<meta name=\"description\" content=\"Producteur et distributeur d&#039;\u00e9lectro-m\u00e9nager haut de gamme depuis 50 ans. D\u00e9couvrez nos marques et pourquoi nous devrions distribuer la v\u00f4tre!\" \/>\n<meta name=\"robots\" content=\"index, follow, max-snippet:-1, max-image-preview:large, max-video-preview:-1\" \/>\n<link rel=\"canonical\" href=\"https:\/\/www.lavafields.com\/en\/\" \/>\n<meta property=\"og:locale\" content=\"en_US\" \/>\n<meta property=\"og:type\" content=\"article\" \/>\n<meta property=\"og:title\" content=\"DALCQ, producteur et distributeur d&#039;\u00e9lectro-m\u00e9nager haut de gamme.\" \/>\n<meta property=\"og:description\" content=\"Producteur et distributeur d&#039;\u00e9lectro-m\u00e9nager haut de gamme depuis 50 ans. D\u00e9couvrez nos marques et pourquoi nous devrions distribuer la v\u00f4tre!\" \/>\n<meta property=\"og:url\" content=\"https:\/\/www.lavafields.com\/en\/\" \/>\n<meta property=\"og:site_name\" content=\"LAVAFIELDS\" \/>\n<meta property=\"article:modified_time\" content=\"2023-06-13T10:08:31+00:00\" \/>\n<meta property=\"og:image\" content=\"https:\/\/www.lavafields.com\/wp-content\/uploads\/2020\/11\/Dalcq_logo_2000X2000.png\" \/>\n\t<meta property=\"og:image:width\" content=\"2000\" \/>\n\t<meta property=\"og:image:height\" content=\"2000\" \/>\n\t<meta property=\"og:image:type\" content=\"image\/png\" \/>\n<meta name=\"twitter:card\" content=\"summary_large_image\" \/>\n<meta name=\"twitter:title\" content=\"DALCQ, producteur et distributeur d&#039;\u00e9lectro-m\u00e9nager haut de gamme.\" \/>\n<meta name=\"twitter:description\" content=\"Producteur et distributeur d&#039;\u00e9lectro-m\u00e9nager haut de gamme depuis 50 ans. D\u00e9couvrez nos marques et pourquoi nous devrions distribuer la v\u00f4tre!\" \/>\n<meta name=\"twitter:image\" content=\"https:\/\/www.lavafields.com\/wp-content\/uploads\/2020\/11\/Dalcq_logo_2000X2000.png\" \/>\n<meta name=\"twitter:label1\" content=\"Est. reading time\" \/>\n\t<meta name=\"twitter:data1\" content=\"1 minute\" \/>\n<script type=\"application\/ld+json\" class=\"yoast-schema-graph\">{\"@context\":\"https:\/\/schema.org\",\"@graph\":[{\"@type\":\"WebPage\",\"@id\":\"https:\/\/www.lavafields.com\/en\/\",\"url\":\"https:\/\/www.lavafields.com\/en\/\",\"name\":\"Lavafields | Producteur & Distributeur d\u2019\u00e9lectro-m\u00e9nager haut de gamme\",\"isPartOf\":{\"@id\":\"https:\/\/www.lavafields.com\/#website\"},\"primaryImageOfPage\":{\"@id\":\"https:\/\/www.lavafields.com\/en\/#primaryimage\"},\"image\":{\"@id\":\"https:\/\/www.lavafields.com\/en\/#primaryimage\"},\"thumbnailUrl\":\"https:\/\/www.lavafields.com\/wp-content\/uploads\/2020\/11\/Dalcq_logo_2000X2000.png\",\"datePublished\":\"2020-10-08T13:21:41+00:00\",\"dateModified\":\"2023-06-13T10:08:31+00:00\",\"description\":\"Producteur et distributeur d'\u00e9lectro-m\u00e9nager haut de gamme depuis 50 ans. D\u00e9couvrez nos marques et pourquoi nous devrions distribuer la v\u00f4tre!\",\"breadcrumb\":{\"@id\":\"https:\/\/www.lavafields.com\/en\/#breadcrumb\"},\"inLanguage\":\"en-US\",\"potentialAction\":[{\"@type\":\"ReadAction\",\"target\":[\"https:\/\/www.lavafields.com\/en\/\"]}]},{\"@type\":\"ImageObject\",\"inLanguage\":\"en-US\",\"@id\":\"https:\/\/www.lavafields.com\/en\/#primaryimage\",\"url\":\"https:\/\/www.lavafields.com\/wp-content\/uploads\/2020\/11\/Dalcq_logo_2000X2000.png\",\"contentUrl\":\"https:\/\/www.lavafields.com\/wp-content\/uploads\/2020\/11\/Dalcq_logo_2000X2000.png\",\"width\":2000,\"height\":2000},{\"@type\":\"BreadcrumbList\",\"@id\":\"https:\/\/www.lavafields.com\/en\/#breadcrumb\",\"itemListElement\":[{\"@type\":\"ListItem\",\"position\":1,\"name\":\"Accueil\",\"item\":\"https:\/\/www.lavafields.com\/en\/\"},{\"@type\":\"ListItem\",\"position\":2,\"name\":\"Home\"}]},{\"@type\":\"WebSite\",\"@id\":\"https:\/\/www.lavafields.com\/#website\",\"url\":\"https:\/\/www.lavafields.com\/\",\"name\":\"LAVAFIELDS\",\"description\":\"Lavafields, producteur &amp; distributeur d&#039;\u00e9lectro-m\u00e9nager haut de gamme\",\"publisher\":{\"@id\":\"https:\/\/www.lavafields.com\/#organization\"},\"potentialAction\":[{\"@type\":\"SearchAction\",\"target\":{\"@type\":\"EntryPoint\",\"urlTemplate\":\"https:\/\/www.lavafields.com\/?s={search_term_string}\"},\"query-input\":{\"@type\":\"PropertyValueSpecification\",\"valueRequired\":true,\"valueName\":\"search_term_string\"}}],\"inLanguage\":\"en-US\"},{\"@type\":\"Organization\",\"@id\":\"https:\/\/www.lavafields.com\/#organization\",\"name\":\"LAVAFIELDS\",\"url\":\"https:\/\/www.lavafields.com\/\",\"logo\":{\"@type\":\"ImageObject\",\"inLanguage\":\"en-US\",\"@id\":\"https:\/\/www.lavafields.com\/#\/schema\/logo\/image\/\",\"url\":\"https:\/\/www.lavafields.com\/wp-content\/uploads\/2020\/10\/Lavafields_Logo_Horizontal.svg\",\"contentUrl\":\"https:\/\/www.lavafields.com\/wp-content\/uploads\/2020\/10\/Lavafields_Logo_Horizontal.svg\",\"width\":1779,\"height\":330,\"caption\":\"LAVAFIELDS\"},\"image\":{\"@id\":\"https:\/\/www.lavafields.com\/#\/schema\/logo\/image\/\"}}]}<\/script>\n<!-- \/ Yoast SEO plugin. -->","yoast_head_json":{"title":"Lavafields | Producteur & Distributeur d\u2019\u00e9lectro-m\u00e9nager haut de gamme","description":"Producteur et distributeur d'\u00e9lectro-m\u00e9nager haut de gamme depuis 50 ans. D\u00e9couvrez nos marques et pourquoi nous devrions distribuer la v\u00f4tre!","robots":{"index":"index","follow":"follow","max-snippet":"max-snippet:-1","max-image-preview":"max-image-preview:large","max-video-preview":"max-video-preview:-1"},"canonical":"https:\/\/www.lavafields.com\/en\/","og_locale":"en_US","og_type":"article","og_title":"DALCQ, producteur et distributeur d'\u00e9lectro-m\u00e9nager haut de gamme.","og_description":"Producteur et distributeur d'\u00e9lectro-m\u00e9nager haut de gamme depuis 50 ans. D\u00e9couvrez nos marques et pourquoi nous devrions distribuer la v\u00f4tre!","og_url":"https:\/\/www.lavafields.com\/en\/","og_site_name":"LAVAFIELDS","article_modified_time":"2023-06-13T10:08:31+00:00","og_image":[{"width":2000,"height":2000,"url":"https:\/\/www.lavafields.com\/wp-content\/uploads\/2020\/11\/Dalcq_logo_2000X2000.png","type":"image\/png"}],"twitter_card":"summary_large_image","twitter_title":"DALCQ, producteur et distributeur d'\u00e9lectro-m\u00e9nager haut de gamme.","twitter_description":"Producteur et distributeur d'\u00e9lectro-m\u00e9nager haut de gamme depuis 50 ans. D\u00e9couvrez nos marques et pourquoi nous devrions distribuer la v\u00f4tre!","twitter_image":"https:\/\/www.lavafields.com\/wp-content\/uploads\/2020\/11\/Dalcq_logo_2000X2000.png","twitter_misc":{"Est. reading time":"1 minute"},"schema":{"@context":"https:\/\/schema.org","@graph":[{"@type":"WebPage","@id":"https:\/\/www.lavafields.com\/en\/","url":"https:\/\/www.lavafields.com\/en\/","name":"Lavafields | Producteur & Distributeur d\u2019\u00e9lectro-m\u00e9nager haut de gamme","isPartOf":{"@id":"https:\/\/www.lavafields.com\/#website"},"primaryImageOfPage":{"@id":"https:\/\/www.lavafields.com\/en\/#primaryimage"},"image":{"@id":"https:\/\/www.lavafields.com\/en\/#primaryimage"},"thumbnailUrl":"https:\/\/www.lavafields.com\/wp-content\/uploads\/2020\/11\/Dalcq_logo_2000X2000.png","datePublished":"2020-10-08T13:21:41+00:00","dateModified":"2023-06-13T10:08:31+00:00","description":"Producteur et distributeur d'\u00e9lectro-m\u00e9nager haut de gamme depuis 50 ans. D\u00e9couvrez nos marques et pourquoi nous devrions distribuer la v\u00f4tre!","breadcrumb":{"@id":"https:\/\/www.lavafields.com\/en\/#breadcrumb"},"inLanguage":"en-US","potentialAction":[{"@type":"ReadAction","target":["https:\/\/www.lavafields.com\/en\/"]}]},{"@type":"ImageObject","inLanguage":"en-US","@id":"https:\/\/www.lavafields.com\/en\/#primaryimage","url":"https:\/\/www.lavafields.com\/wp-content\/uploads\/2020\/11\/Dalcq_logo_2000X2000.png","contentUrl":"https:\/\/www.lavafields.com\/wp-content\/uploads\/2020\/11\/Dalcq_logo_2000X2000.png","width":2000,"height":2000},{"@type":"BreadcrumbList","@id":"https:\/\/www.lavafields.com\/en\/#breadcrumb","itemListElement":[{"@type":"ListItem","position":1,"name":"Accueil","item":"https:\/\/www.lavafields.com\/en\/"},{"@type":"ListItem","position":2,"name":"Home"}]},{"@type":"WebSite","@id":"https:\/\/www.lavafields.com\/#website","url":"https:\/\/www.lavafields.com\/","name":"LAVAFIELDS","description":"Lavafields, producteur &amp; distributeur d&#039;\u00e9lectro-m\u00e9nager haut de gamme","publisher":{"@id":"https:\/\/www.lavafields.com\/#organization"},"potentialAction":[{"@type":"SearchAction","target":{"@type":"EntryPoint","urlTemplate":"https:\/\/www.lavafields.com\/?s={search_term_string}"},"query-input":{"@type":"PropertyValueSpecification","valueRequired":true,"valueName":"search_term_string"}}],"inLanguage":"en-US"},{"@type":"Organization","@id":"https:\/\/www.lavafields.com\/#organization","name":"LAVAFIELDS","url":"https:\/\/www.lavafields.com\/","logo":{"@type":"ImageObject","inLanguage":"en-US","@id":"https:\/\/www.lavafields.com\/#\/schema\/logo\/image\/","url":"https:\/\/www.lavafields.com\/wp-content\/uploads\/2020\/10\/Lavafields_Logo_Horizontal.svg","contentUrl":"https:\/\/www.lavafields.com\/wp-content\/uploads\/2020\/10\/Lavafields_Logo_Horizontal.svg","width":1779,"height":330,"caption":"LAVAFIELDS"},"image":{"@id":"https:\/\/www.lavafields.com\/#\/schema\/logo\/image\/"}}]}},"_links":{"self":[{"href":"https:\/\/www.lavafields.com\/en\/wp-json\/wp\/v2\/pages\/8413","targetHints":{"allow":["GET"]}}],"collection":[{"href":"https:\/\/www.lavafields.com\/en\/wp-json\/wp\/v2\/pages"}],"about":[{"href":"https:\/\/www.lavafields.com\/en\/wp-json\/wp\/v2\/types\/page"}],"author":[{"embeddable":true,"href":"https:\/\/www.lavafields.com\/en\/wp-json\/wp\/v2\/users\/1"}],"replies":[{"embeddable":true,"href":"https:\/\/www.lavafields.com\/en\/wp-json\/wp\/v2\/comments?post=8413"}],"version-history":[{"count":5,"href":"https:\/\/www.lavafields.com\/en\/wp-json\/wp\/v2\/pages\/8413\/revisions"}],"predecessor-version":[{"id":8517,"href":"https:\/\/www.lavafields.com\/en\/wp-json\/wp\/v2\/pages\/8413\/revisions\/8517"}],"wp:featuredmedia":[{"embeddable":true,"href":"https:\/\/www.lavafields.com\/en\/wp-json\/wp\/v2\/media\/2127"}],"wp:attachment":[{"href":"https:\/\/www.lavafields.com\/en\/wp-json\/wp\/v2\/media?parent=8413"}],"curies":[{"name":"wp","href":"https:\/\/api.w.org\/{rel}","templated":true}]}}